
{"id":1339,"date":"2019-11-06T10:03:46","date_gmt":"2019-11-06T10:03:46","guid":{"rendered":"https:\/\/beautyangel.jk-group.net\/impressum\/"},"modified":"2020-06-17T10:52:39","modified_gmt":"2020-06-17T10:52:39","slug":"imprint","status":"publish","type":"page","link":"https:\/\/beautyangel.jk-group.net\/de\/imprint\/","title":{"rendered":"Imprint"},"content":{"rendered":"<p>[vc_row css_animation=&#8220;&#8220; row_type=&#8220;row&#8220; use_row_as_full_screen_section=&#8220;no&#8220; type=&#8220;full_width&#8220; angled_section=&#8220;no&#8220; text_align=&#8220;left&#8220; background_image_as_pattern=&#8220;without_pattern&#8220;][vc_column][vc_column_text]<b>Herausgeber:<\/b><br \/>\nJK-GRUPPE GmbH<br \/>\nK\u00f6hlershohner Strasse 60<br \/>\nD-53578 Windhagen<br \/>\nTelefon: <a href=\"tel:02224-818-0\">02224-818-0<\/a><br \/>\nTelefax: <a href=\"tel:02224-818-500\">02224-818-500<\/a><br \/>\nE-Mail:\u00a0<a href=\"mailto:info@ergoline.de\"><u>info@jk-group.net<\/u><\/a><\/p>\n<p>&nbsp;<\/p>\n<p>USt-IdNr.: DE 313198028<br \/>\nAmtsgericht Montabaur, HRB 25607<\/p>\n<p>&nbsp;<\/p>\n<p><b>Gesch\u00e4ftsf\u00fchrung:<\/b><br \/>\nPeter Althaus (Vorsitzender)<br \/>\nMarco Jakobs<\/p>\n<p>&nbsp;<\/p>\n<p><b>Rechtshinweis:<\/b><br \/>\nWir \u00fcberpr\u00fcfen die Informationen auf diesen Websites regelm\u00e4\u00dfig. Trotz aller Sorgfalt k\u00f6nnen sich die Daten zwischenzeitlich ver\u00e4ndert haben. Eine Haftung oder Garantie f\u00fcr die Aktualit\u00e4t, Richtigkeit und Vollst\u00e4ndigkeit der Informationen kann daher nicht \u00fcbernommen werden. Gleiches gilt auch f\u00fcr Websites, auf die \u00fcber Hyperlink verwiesen wird. Die JK-Gruppe GmbH ist f\u00fcr den Inhalt der Websites, die aufgrund einer solchen Verbindung erreicht werden, nicht verantwortlich. Inhalt und Aufbau der Ergoline Pr\u00e4senz sind urheberrechtlich gesch\u00fctzt. Die Vervielf\u00e4ltigung von Informationen und Daten &#8211; insbesondere die Verwendung von Texten, Textteilen oder Bildmaterial &#8211; bedarf der vorherigen Zustimmung.[\/vc_column_text][vc_separator type=&#8220;transparent&#8220;][vc_separator type=&#8220;transparent&#8220;][vc_separator type=&#8220;transparent&#8220;][vc_separator type=&#8220;transparent&#8220;][\/vc_column][\/vc_row]<\/p>\n","protected":false},"excerpt":{"rendered":"<p>[vc_row css_animation=&#8220;&#8220; row_type=&#8220;row&#8220; use_row_as_full_screen_section=&#8220;no&#8220; type=&#8220;full_width&#8220; angled_section=&#8220;no&#8220; text_align=&#8220;left&#8220; background_image_as_pattern=&#8220;without_pattern&#8220;][vc_column][vc_column_text]Herausgeber: JK-GRUPPE GmbH K\u00f6hlershohner Strasse 60 D-53578 Windhagen Telefon: 02224-818-0 Telefax: 02224-818-500 E-Mail:\u00a0info@jk-group.net &nbsp; USt-IdNr.: DE 313198028 Amtsgericht Montabaur, HRB 25607 &nbsp; Gesch\u00e4ftsf\u00fchrung: Peter Althaus (Vorsitzender) Marco Jakobs &nbsp; Rechtshinweis: Wir \u00fcberpr\u00fcfen die Informationen auf diesen Websites regelm\u00e4\u00dfig&#8230;.<\/p>\n","protected":false},"author":6,"featured_media":0,"parent":0,"menu_order":0,"comment_status":"closed","ping_status":"closed","template":"","meta":{"footnotes":""},"class_list":["post-1339","page","type-page","status-publish","hentry"],"_links":{"self":[{"href":"https:\/\/beautyangel.jk-group.net\/de\/wp-json\/wp\/v2\/pages\/1339","targetHints":{"allow":["GET"]}}],"collection":[{"href":"https:\/\/beautyangel.jk-group.net\/de\/wp-json\/wp\/v2\/pages"}],"about":[{"href":"https:\/\/beautyangel.jk-group.net\/de\/wp-json\/wp\/v2\/types\/page"}],"author":[{"embeddable":true,"href":"https:\/\/beautyangel.jk-group.net\/de\/wp-json\/wp\/v2\/users\/6"}],"replies":[{"embeddable":true,"href":"https:\/\/beautyangel.jk-group.net\/de\/wp-json\/wp\/v2\/comments?post=1339"}],"version-history":[{"count":2,"href":"https:\/\/beautyangel.jk-group.net\/de\/wp-json\/wp\/v2\/pages\/1339\/revisions"}],"predecessor-version":[{"id":2047,"href":"https:\/\/beautyangel.jk-group.net\/de\/wp-json\/wp\/v2\/pages\/1339\/revisions\/2047"}],"wp:attachment":[{"href":"https:\/\/beautyangel.jk-group.net\/de\/wp-json\/wp\/v2\/media?parent=1339"}],"curies":[{"name":"wp","href":"https:\/\/api.w.org\/{rel}","templated":true}]}}